{"id":2764,"date":"2020-10-27T12:24:12","date_gmt":"2020-03-27T11:24:12","guid":{"rendered":"https:\/\/www.kspositiv.com\/produkt\/kk-fis\/"},"modified":"2020-03-31T18:28:20","modified_gmt":"2020-03-31T16:28:20","slug":"kk-fis","status":"publish","type":"product","link":"https:\/\/www.kspositiv.com\/en\/produkt\/kk-fis\/","title":{"rendered":"kk-fis"},"content":{"rendered":"<p>Karl Karner&#8217;s drawings are printed on HAKRO T-shirts<\/p>\n<pre><\/pre>\n<p>S\u00e4ulen und ich sind \u00e4hnlich, wir k\u00f6nnen lange ruhig bleiben, aber wenn es bebt dann kommen wir in Bewegung<\/p>\n","protected":false},"excerpt":{"rendered":"<p>Karl Karner&#8217;s drawings are printed on HAKRO T-shirts S\u00e4ulen und ich sind \u00e4hnlich, wir k\u00f6nnen lange ruhig bleiben, aber wenn es bebt dann kommen wir in Bewegung<\/p>\n","protected":false},"featured_media":2975,"comment_status":"open","ping_status":"closed","template":"","meta":[],"product_cat":[74],"product_tag":[],"jetpack_sharing_enabled":true,"_links":{"self":[{"href":"https:\/\/www.kspositiv.com\/en\/wp-json\/wp\/v2\/product\/2764"}],"collection":[{"href":"https:\/\/www.kspositiv.com\/en\/wp-json\/wp\/v2\/product"}],"about":[{"href":"https:\/\/www.kspositiv.com\/en\/wp-json\/wp\/v2\/types\/product"}],"replies":[{"embeddable":true,"href":"https:\/\/www.kspositiv.com\/en\/wp-json\/wp\/v2\/comments?post=2764"}],"wp:featuredmedia":[{"embeddable":true,"href":"https:\/\/www.kspositiv.com\/en\/wp-json\/wp\/v2\/media\/2975"}],"wp:attachment":[{"href":"https:\/\/www.kspositiv.com\/en\/wp-json\/wp\/v2\/media?parent=2764"}],"wp:term":[{"taxonomy":"product_cat","embeddable":true,"href":"https:\/\/www.kspositiv.com\/en\/wp-json\/wp\/v2\/product_cat?post=2764"},{"taxonomy":"product_tag","embeddable":true,"href":"https:\/\/www.kspositiv.com\/en\/wp-json\/wp\/v2\/product_tag?post=2764"}],"curies":[{"name":"wp","href":"https:\/\/api.w.org\/{rel}","templated":true}]}}