{"id":2743,"date":"2020-10-14T14:07:39","date_gmt":"2020-03-27T13:07:39","guid":{"rendered":"https:\/\/www.kspositiv.com\/produkt\/kk-roe\/"},"modified":"2020-03-31T18:06:00","modified_gmt":"2020-03-31T16:06:00","slug":"kk-roe","status":"publish","type":"product","link":"https:\/\/www.kspositiv.com\/en\/produkt\/kk-roe\/","title":{"rendered":"kk-r\u00f6"},"content":{"rendered":"<p>Karl Karner&#8217;s drawings are printed on HAKRO T-shirts<\/p>\n<p>&nbsp;<\/p>\n<p>wenn Blumen wandern k\u00f6nnten w\u00fcrden sie zu mir kommen und ich k\u00f6nnte fliegen<\/p>\n<p>&nbsp;<\/p>\n","protected":false},"excerpt":{"rendered":"<p>Karl Karner&#8217;s drawings are printed on HAKRO T-shirts &nbsp; wenn Blumen wandern k\u00f6nnten w\u00fcrden sie zu mir kommen und ich k\u00f6nnte fliegen &nbsp;<\/p>\n","protected":false},"featured_media":3060,"comment_status":"open","ping_status":"closed","template":"","meta":[],"product_cat":[74],"product_tag":[],"jetpack_sharing_enabled":true,"_links":{"self":[{"href":"https:\/\/www.kspositiv.com\/en\/wp-json\/wp\/v2\/product\/2743"}],"collection":[{"href":"https:\/\/www.kspositiv.com\/en\/wp-json\/wp\/v2\/product"}],"about":[{"href":"https:\/\/www.kspositiv.com\/en\/wp-json\/wp\/v2\/types\/product"}],"replies":[{"embeddable":true,"href":"https:\/\/www.kspositiv.com\/en\/wp-json\/wp\/v2\/comments?post=2743"}],"wp:featuredmedia":[{"embeddable":true,"href":"https:\/\/www.kspositiv.com\/en\/wp-json\/wp\/v2\/media\/3060"}],"wp:attachment":[{"href":"https:\/\/www.kspositiv.com\/en\/wp-json\/wp\/v2\/media?parent=2743"}],"wp:term":[{"taxonomy":"product_cat","embeddable":true,"href":"https:\/\/www.kspositiv.com\/en\/wp-json\/wp\/v2\/product_cat?post=2743"},{"taxonomy":"product_tag","embeddable":true,"href":"https:\/\/www.kspositiv.com\/en\/wp-json\/wp\/v2\/product_tag?post=2743"}],"curies":[{"name":"wp","href":"https:\/\/api.w.org\/{rel}","templated":true}]}}