{"id":1519,"date":"2018-11-16T21:32:44","date_gmt":"2018-11-16T20:32:44","guid":{"rendered":"https:\/\/www.kspositiv.com\/?page_id=1519"},"modified":"2018-11-16T21:34:12","modified_gmt":"2018-11-16T20:34:12","slug":"data-protection-privacy","status":"publish","type":"page","link":"https:\/\/www.kspositiv.com\/en\/data-protection-privacy\/","title":{"rendered":"Data Protection Privacy"},"content":{"rendered":"<p class=\"p1\"><span class=\"s1\"><b>Datenschutzhinweise<\/b><\/span><\/p>\n<p class=\"p2\"><span class=\"s2\">Vielen Dank f\u00fcr Ihren Besuch auf KSpositiv.com! Nachfolgend m\u00f6chten wir Ihnen erl\u00e4utern, welche personenbezogenen Daten zu welchem Zweck und in welcher Form wir erfassen, wenn Sie KSpositiv.com besuchen. <\/span><span class=\"s1\">Der Schutz Ihrer pers\u00f6nlichen Daten ist uns ein besonderes Anliegen. Wir verarbeiten Ihre Daten daher ausschlie\u00dflich auf Grundlage der gesetzlichen Bestimmungen (DSGVO, TKG 2003). In diesen Datenschutzinformationen informieren wir Sie \u00fcber die wichtigsten Aspekte der Datenverarbeitung im Rahmen unserer Website.<\/span><\/p>\n<p class=\"p2\"><span class=\"s1\">Wenn Sie per Formular auf der Website oder per E-Mail Kontakt mit uns aufnehmen, werden Ihre angegebenen Daten zwecks Bearbeitung der Anfrage und f\u00fcr den Fall von Anschlussfragen sechs Monate bei uns gespeichert. Diese Daten geben wir nicht ohne Ihre Einwilligung weiter.<\/span><\/p>\n<p class=\"p1\"><span class=\"s1\"><b> Ansprechpartner<\/b><\/span><\/p>\n<p class=\"p4\"><span class=\"s1\">Betreiberin und datenschutzrechtlich verantwortliche Stelle f\u00fcr die Erhebung, Verarbeitung und Nutzung von personenbezogenen Daten der Besucher von KSpositiv.com ist die LSK GmbH, Bahnhofstra\u00dfe 14 c, 8350 Fehring (\u201eKSpositiv\u201c, \u201eKSpositiv.com\u201c, \u201ewir\u201c). Weitere Informationen \u00fcber uns und unsere vollst\u00e4ndigen Kontaktdaten k\u00f6nnen Sie dem <a href=\"https:\/\/www.stylebop.com\/de-at\/women\/imprint\"><span class=\"s3\">Impressum<\/span><\/a> entnehmen.<\/span><\/p>\n<p class=\"p4\"><span class=\"s1\">Sollten Sie Fragen zum Thema Datenschutz haben, stehen wir Ihnen gern per E-Mail unter <a href=\"mailto:office@KSpositiv.com\"><span class=\"s4\">office@KSpositiv.com<\/span><\/a> sowie unter den im <a href=\"https:\/\/www.stylebop.com\/de-at\/women\/imprint\"><span class=\"s3\">Impressum<\/span><\/a> genannten Kontaktdaten zur Verf\u00fcgung.<\/span><\/p>\n<p class=\"p6\"><span class=\"s1\"><b>Datenspeicherung<\/b><\/span><\/p>\n<p class=\"p2\"><span class=\"s1\">Wir weisen darauf hin, dass zum Zweck des einfacheren Einkaufsvorganges und zur sp\u00e4teren Vertragsabwicklung vom Webshop-Betreiber im Rahmen von Cookies die IP-Daten des Anschlussinhabers gespeichert werden, ebenso wie Name, Anschrift und Kreditkartennummer <i>[\u2026]<\/i> des K\u00e4ufers. <\/span><\/p>\n<p class=\"p2\"><span class=\"s1\">Dar\u00fcber hinaus werden zum Zweck der Vertragsabwicklung diese Daten auch bei uns gespeichert. Die von Ihnen bereit gestellten Daten sind zur Vertragserf\u00fcllung bzw. zur Durchf\u00fchrung vorvertraglicher Ma\u00dfnahmen erforderlich. Ohne diese Daten k\u00f6nnen wir den Vertrag mit Ihnen nicht abschlie\u00dfen. Eine Daten\u00fcbermittlung an Dritte erfolgt nicht, mit Ausnahme der \u00dcbermittlung der Kreditkartendaten an die abwickelnden Bankinstitute\/Zahlungsdienstleister zum Zwecke der Abbuchung des Einkaufspreises, an das <\/span><span class=\"s2\">von uns beauftragte Transportunternehmen\/Versandunternehmen zur Zustellung der Ware sowie an unseren Steuerberater zur Erf\u00fcllung unserer steuerrechtlichen Verpflichtungen. <\/span><\/p>\n<p class=\"p7\"><span class=\"s1\">Nach Abbruch des Einkaufsvorganges werden die bei uns gespeicherten Daten gel\u00f6scht. Im Falle eines Vertragsabschlusses werden s\u00e4mtliche Daten aus dem Vertragsverh\u00e4ltnis bis zum Ablauf der steuerlichen Aufbewahrungsfrist (7 Jahre) gespeichert.<\/span><\/p>\n<p class=\"p8\"><span class=\"s1\">Die Daten Name, Anschrift, gekaufte Waren und Kaufdatum werden dar\u00fcber hinaus gehend bis zum Ablauf der Produkthaftung (10 Jahre) gespeichert.<span class=\"Apple-converted-space\">\u00a0 <\/span>Die Datenverarbeitung erfolgt auf Basis der gesetzlichen Bestimmungen des \u00a7 96 Abs 3 TKG sowie des Art 6 Abs 1 lit a (Einwilligung) und\/oder lit b (notwendig zur Vertragserf\u00fcllung) der DSGVO.<\/span><\/p>\n<p class=\"p10\"><span class=\"s1\"><b>Cookies<\/b><\/span><\/p>\n<p class=\"p8\"><span class=\"s1\">Unsere Website verwendet so genannte Cookies. Dabei handelt es sich um kleine Textdateien, die mit Hilfe des Browsers auf Ihrem Endger\u00e4t abgelegt werden. Sie richten keinen Schaden an. <\/span><\/p>\n<p class=\"p11\"><span class=\"s1\">Wir nutzen Cookies dazu, unser Angebot nutzerfreundlich zu gestalten. Einige Cookies bleiben auf Ihrem Endger\u00e4t gespeichert, bis Sie diese l\u00f6schen. Sie erm\u00f6glichen es uns, Ihren Browser beim n\u00e4chsten Besuch wiederzuerkennen.<\/span><\/p>\n<p class=\"p11\"><span class=\"s1\">Wenn Sie dies nicht w\u00fcnschen, so k\u00f6nnen Sie Ihren Browser so einrichten, dass er Sie \u00fcber das Setzen von Cookies informiert und Sie dies nur im Einzelfall erlauben.<\/span><\/p>\n<p class=\"p11\"><span class=\"s1\">Bei der Deaktivierung von Cookies kann die Funktionalit\u00e4t unserer Webseite eingeschr\u00e4nkt sein.<\/span><\/p>\n<p class=\"p10\"><span class=\"s1\"><b>Web-Analyse<\/b><\/span><\/p>\n<p class=\"p12\"><span class=\"s1\">Zur Analyse der Benutzung unserer Website setzen wir Google Analytics ein. Google Analytics ist ein Webanalysedienst der Google Inc. (\u201eGoogle\u201c). Google Analytics nutzt Cookies, um pseudonymisierte Nutzungsprofile zu erstellen. Die durch das Cookie erzeugten Informationen \u00fcber die Benutzung von KSpositiv.com werden an einen Server von Google in den USA \u00fcbertragen und dort gespeichert. Google wird diese Informationen benutzen, um in unserem Auftrag Ihre Nutzung von KSpositiv.com auszuwerten, um Reports \u00fcber die Websiteaktivit\u00e4ten f\u00fcr uns zusammenzustellen und um weitere mit der Websitenutzung und der Internetnutzung verbundene Dienstleistungen zu Zwecken der Marktforschung und bedarfsgerechten Gestaltung von KSpositiv.com zu erbringen.<\/span><\/p>\n<p class=\"p12\"><span class=\"s1\">Die im Rahmen von Google Analytics von Ihrem Browser automatisch an Google \u00fcbermittelte IP-Adresse wird nicht mit Ihren anderen Daten von Google zusammengef\u00fchrt. Da auf KSpositiv.com zudem die IP-Anonymisierung aktiviert ist, wird Ihre IP-Adresse vor deren \u00dcbertragung in die USA innerhalb der Europ\u00e4ischen Union oder in anderen Vertragsstaaten des Abkommens \u00fcber den Europ\u00e4ischen Wirtschaftsraum gek\u00fcrzt.<\/span><\/p>\n<p class=\"p12\"><span class=\"s1\">Sie k\u00f6nnen die Erfassung der durch das Cookie erzeugten und auf Ihre Nutzung unserer Website bezogenen Daten sowie die Verarbeitung dieser Daten durch Google auf s\u00e4mtlichen Websites verhindern, indem Sie ein von Google bereitgestelltes <a href=\"https:\/\/tools.google.com\/dlpage\/gaoptout?hl=de\"><span class=\"s5\">Browser-Add-on<\/span><\/a> herunterladen und installieren. Falls Sie unsere Website mit einem mobilen Ger\u00e4t besuchen, benutzen Sie bitte den folgenden Link: <a href=\"https:\/\/developers.google.com\/analytics\/devguides\/collection\/analyticsjs\/user-opt-out\"><span class=\"s5\">Google Analytics deaktivieren<\/span><\/a>. Hierdurch wird ein Opt-out-Cookie gesetzt, das zuk\u00fcnftig verhindert, dass Ihre Daten auf dieser Website durch Google erhoben werden. Bitte beachten Sie, dass Sie den Link erneut bet\u00e4tigen m\u00fcssen, wenn Sie das Cookie von Ihrem mobilen Ger\u00e4t gel\u00f6scht haben oder Sie die Datenerfassung durch Google Analytics auf dieser Website auch auf einem anderen Ger\u00e4t verhindern wollen. Das Opt-out-Cookie verhindert nicht die Datenerfassung durch Google Analytics auf anderen Websites.<\/span><\/p>\n<p class=\"p13\"><span class=\"s1\">Weitere Informationen zu Google Analytics finden Sie in den Datenschutzhinweisen von Google, die Sie hier abrufen k\u00f6nnen: <a href=\"http:\/\/www.google.com\/intl\/de\/analytics\/privacyoverview.html\"><span class=\"s5\">http:\/\/www.google.com\/intl\/de\/analytics\/privacyoverview.html<\/span><\/a>.<\/span><\/p>\n<p class=\"p14\"><span class=\"s1\"><b>Newsletter<\/b><\/span><\/p>\n<p class=\"p8\"><span class=\"s1\">Sie haben die M\u00f6glichkeit, \u00fcber unsere Website unseren Newsletter zu abonnieren. Hierf\u00fcr ben\u00f6tigen wir Ihre E-Mail-Adresse und ihre Erkl\u00e4rung, dass Sie mit dem Bezug des Newsletters einverstanden sind.<\/span><\/p>\n<p class=\"p8\"><span class=\"s1\">Um Sie zielgerichtet mit Informationen zu versorgen, erheben und verarbeiten wir au\u00dferdem freiwillig gemachte Angaben zu Interessengebieten, Geburtstag und Postleitzahl <i>[\u2026]<\/i>.<\/span><\/p>\n<p class=\"p8\"><span class=\"s1\">Das Abo des Newsletters k\u00f6nnen Sie jederzeit stornieren. Senden Sie Ihre Stornierung bitte an folgende E-Mail-Adresse: <a href=\"mailto:office@KSpositiv.com\"><span class=\"s6\"><i>office@KSpositiv.com<\/i><\/span><\/a><i>. <\/i> Wir l\u00f6schen anschlie\u00dfend umgehend Ihre Daten im Zusammenhang mit dem Newsletter-Versand.<\/span><\/p>\n<p class=\"p11\"><span class=\"s1\"><b>Ihre Rechte<\/b><\/span><\/p>\n<p class=\"p8\"><span class=\"s1\">Ihnen stehen grunds\u00e4tzlich die Rechte auf Auskunft, Berichtigung, L\u00f6schung, Einschr\u00e4nkung, Daten\u00fcbertragbarkeit, Widerruf und Widerspruch zu. Wenn Sie glauben, dass die Verarbeitung Ihrer Daten gegen das Datenschutzrecht verst\u00f6\u00dft oder Ihre datenschutzrechtlichen Anspr\u00fcche sonst in einer Weise verletzt worden sind, k\u00f6nnen Sie sich bei der Aufsichtsbeh\u00f6rde beschweren. In \u00d6sterreich ist dies die Datenschutzbeh\u00f6rde.<\/span><\/p>\n","protected":false},"excerpt":{"rendered":"<p>Datenschutzhinweise Vielen Dank f\u00fcr Ihren Besuch auf KSpositiv.com! Nachfolgend m\u00f6chten wir Ihnen erl\u00e4utern, welche personenbezogenen Daten zu welchem Zweck und in welcher Form wir erfassen, wenn Sie KSpositiv.com besuchen. Der Schutz Ihrer pers\u00f6nlichen Daten ist uns ein besonderes Anliegen. Wir verarbeiten Ihre Daten daher ausschlie\u00dflich auf Grundlage der gesetzlichen Bestimmungen (DSGVO, TKG 2003). In diesen [&hellip;]<\/p>\n","protected":false},"author":8,"featured_media":0,"parent":0,"menu_order":0,"comment_status":"closed","ping_status":"closed","template":"default-template.php","meta":{"footnotes":""},"jetpack_sharing_enabled":true,"_links":{"self":[{"href":"https:\/\/www.kspositiv.com\/en\/wp-json\/wp\/v2\/pages\/1519"}],"collection":[{"href":"https:\/\/www.kspositiv.com\/en\/wp-json\/wp\/v2\/pages"}],"about":[{"href":"https:\/\/www.kspositiv.com\/en\/wp-json\/wp\/v2\/types\/page"}],"author":[{"embeddable":true,"href":"https:\/\/www.kspositiv.com\/en\/wp-json\/wp\/v2\/users\/8"}],"replies":[{"embeddable":true,"href":"https:\/\/www.kspositiv.com\/en\/wp-json\/wp\/v2\/comments?post=1519"}],"version-history":[{"count":4,"href":"https:\/\/www.kspositiv.com\/en\/wp-json\/wp\/v2\/pages\/1519\/revisions"}],"predecessor-version":[{"id":1523,"href":"https:\/\/www.kspositiv.com\/en\/wp-json\/wp\/v2\/pages\/1519\/revisions\/1523"}],"wp:attachment":[{"href":"https:\/\/www.kspositiv.com\/en\/wp-json\/wp\/v2\/media?parent=1519"}],"curies":[{"name":"wp","href":"https:\/\/api.w.org\/{rel}","templated":true}]}}