{"id":1122,"date":"2018-11-16T21:17:09","date_gmt":"2018-11-16T20:17:09","guid":{"rendered":"https:\/\/www.kspositiv.com\/?page_id=1122"},"modified":"2018-11-16T22:12:37","modified_gmt":"2018-11-16T21:12:37","slug":"terms-and-conditions","status":"publish","type":"page","link":"https:\/\/www.kspositiv.com\/en\/terms-and-conditions\/","title":{"rendered":"Terms &#038; Conditions"},"content":{"rendered":"<p class=\"p1\"><span class=\"s1\"><b>Allgemeine Gesch\u00e4ftsbedingungen<\/b><\/span><\/p>\n<p class=\"p1\"><span class=\"s1\"><b>1. Geltungsbereich<\/b><\/span><\/p>\n<p class=\"p2\"><span class=\"s1\">1.1. Diese Allgemeinen Gesch\u00e4ftsbedingungen (\u201eAGB\u201c) regeln das Vertragsverh\u00e4ltnis zwischen der LSK GmbH (&#8220;wir&#8221;, &#8220;uns&#8221;, &#8220;LSK&#8221;) und Ihnen als Nutzer des Online-Shops von KSpositiv<span class=\"Apple-converted-space\">\u00a0 <\/span>unter der Domain <a href=\"http:\/\/www.kspositiv.com\"><span class=\"s2\">www.kspositiv.com<\/span><\/a> sowie den zu dieser Domain geh\u00f6renden Subdomains. Sie k\u00f6nnen die zurzeit g\u00fcltigen AGB jederzeit \u00fcber den entsprechenden Link auf KSpositiv.com abrufen. Diese AGB gelten unabh\u00e4ngig davon, ob Sie Verbraucher, Unternehmer oder Kaufmann sind.<\/span><\/p>\n<p class=\"p2\"><span class=\"s1\">1.2. Alle Lieferungen, Leistungen und Angebote auf KSpositv.com erfolgen ausschlie\u00dflich auf Grundlage dieser AGB. Von diesen AGB abweichende Gesch\u00e4ftsbedingungen des Nutzers finden keine Anwendung, wenn sie von der LSK GmbH<span class=\"Apple-converted-space\">\u00a0 <\/span>nicht ausdr\u00fccklich schriftlich best\u00e4tigt worden sind.<\/span><\/p>\n<p class=\"p1\"><span class=\"s1\"><b>2. Vertragsschluss<\/b><\/span><\/p>\n<p class=\"p2\"><span class=\"s1\">2.1. Die Pr\u00e4sentation Waren KSpositiv.com stellt kein bindendes Angebot von der LSK GmbH zum Abschluss eines Kaufvertrags, sondern lediglich eine unverbindliche Aufforderung an Sie dar, auf KSpositiv.com Ware zu bestellen. Das Angebot auf KSpositiv.com richtet sich ausschlie\u00dflich an vollj\u00e4hrige Nutzer.<\/span><\/p>\n<p class=\"p2\"><span class=\"s1\">2.2. Die von Ihnen zum Kauf ausgew\u00e4hlten Waren werden zun\u00e4chst in einem virtuellen Warenkorb gesammelt. Nach Angabe Ihrer Zahlungs- und Versandinformationen geben Sie durch einen Klick auf den Button \u201eJetzt kaufen\u201c gegen\u00fcber der LSK GmbH ein verbindliches Angebot \u00fcber den Abschluss eines Kaufvertrags \u00fcber die im Warenkorb befindlichen Waren ab. Zuvor haben Sie die M\u00f6glichkeit, Ihre Angaben zu pr\u00fcfen und bei Bedarf zu berichtigen oder zu erg\u00e4nzen.<\/span><\/p>\n<p class=\"p2\"><span class=\"s1\">2.3. Nachdem Sie auf den Button \u201eJetzt kaufen\u201c geklickt haben, werden wir Ihnen unverz\u00fcglich per E-Mail an die zuvor von Ihnen angegebene E-Mail-Adresse den Zugang Ihrer Bestellung best\u00e4tigen (Best\u00e4tigungs-E-Mail). In einer solchen Best\u00e4tigungs-E-Mail liegt noch keine verbindliche Annahme der Bestellung, es sei denn, darin wird von uns neben der Best\u00e4tigung des Zugangs zugleich auch die Annahme der Bestellung erkl\u00e4rt.<\/span><\/p>\n<p class=\"p2\"><span class=\"s1\">2.4.Die LSK GmbH ist berechtigt, Ihre Bestellung wegen unerwarteter Lieferschwierigkeiten oder einer negativen Bonit\u00e4tspr\u00fcfung ganz oder teilweise abzulehnen. Innerhalb von f\u00fcnf Werktagen nach Bekanntwerden derartiger Umst\u00e4nde informieren wie Sie per E-Mail. Sollten Sie bereits Vorauszahlungen auf die nicht gelieferten Waren geleistet haben, erstatten wir Ihnen diese nat\u00fcrlich zur\u00fcck.<\/span><\/p>\n<p class=\"p2\"><span class=\"s1\">2.5. Der Kaufvertrag zwischen Ihnen und der LSK GmbH kommt zustande, indem wir die bestellten Artikel an Sie versenden und Ihnen dies per E-Mail mitteilen. Wir sind verpflichtet, das in der Bestellung liegende Vertragsangebot innerhalb einer Frist von sieben Werktagen anzunehmen oder abzulehnen. Samstage gelten nicht als Werktage. \u00dcber Produkte aus ein und derselben Bestellung, die nicht in der Versandbest\u00e4tigung aufgef\u00fchrt sind, kommt kein Kaufvertrag zustande.<\/span><\/p>\n<p class=\"p2\"><span class=\"s1\">2.7. Die LSK GmbH<span class=\"Apple-converted-space\">\u00a0 <\/span>sieht keine gesonderte Speicherung des Vertragstextes vor. Der Inhalt des mit der LSK GmbH<span class=\"Apple-converted-space\">\u00a0 <\/span>geschlossenen Kaufvertrages ergibt sich jeweils aus der Best\u00e4tigungs-E-Mail und der Annahmeerkl\u00e4rung sowie diesen AGB.<\/span><\/p>\n<p class=\"p1\"><span class=\"s1\"><b>3. Lieferbedingungen <\/b><\/span><\/p>\n<p class=\"p2\"><span class=\"s1\">3.1. Die LSK GmbH ist zu Teillieferungen berechtigt, soweit dies f\u00fcr Sie zumutbar ist.<\/span><\/p>\n<p class=\"p2\"><span class=\"s1\">3.2. Soweit auf KSpositiv.com nicht anders angegeben, erfolgt die Lieferung an die von Ihnen angegebene Lieferanschrift sp\u00e4testens innerhalb von 1-5 Werktagen nach Erteilung des Zahlungsauftrags an Ihr Kreditinstitut (bei Zahlungsart Vorkasse) bzw. nach Vertragsschluss. <\/span><\/p>\n<p class=\"p2\"><span class=\"s1\">3.3. Eine Lieferung erfolgt nur innerhalb der Europ\u00e4ischen Union.<\/span><\/p>\n<p class=\"p2\"><span class=\"s1\">3.4. W\u00fcnschen Sie einen Versand in ein Land au\u00dferhalb der Europ\u00e4ischen Union (sog. \u201eDrittland\u201c), bitten wir um Kontaktaufnahme unter office@kspositiv.com.<\/span><\/p>\n<p class=\"p1\"><span class=\"s1\"><b>4. Preise und Versandkosten<\/b><\/span><\/p>\n<p class=\"p2\"><span class=\"s1\">4.1. S\u00e4mtliche Preisangaben auf KSpositiv.com verstehen sich bei Versand in ein Land innerhalb der Europ\u00e4ischen Union inklusive der gesetzlichen Umsatzsteuer und inklusiveVersandkosten. <\/span><\/p>\n<p class=\"p1\"><span class=\"s1\"><b>5. Zahlungsbedingungen, Bezahlung mit Gutscheinen, Aufrechnung und Zur\u00fcckbehaltungsrecht<\/b><\/span><\/p>\n<p class=\"p2\"><span class=\"s1\">5.1. Zur Bezahlung von Warenk\u00e4ufen bietet die LSK GmbH Ihnen unterschiedliche Zahlungsm\u00f6glichkeiten an (z. B. Vorab\u00fcberweisung, PayPal, Sofort\u00fcberweisung oder Zahlung per Kreditkarte), wobei jedoch kein Anspruch darauf besteht, dass Ihnen stets s\u00e4mtliche oder bestimmte Zahlungswege angeboten werden. Erfolgt die Zahlungsabwicklung \u00fcber einen externen Zahlungssystemanbieter (z. B. PayPal, Sofort\u00fcberweisung), gelten f\u00fcr die Zahlungsabwicklung ausschlie\u00dflich die Nutzungs- und Gesch\u00e4ftsbedingungen des jeweiligen Zahlungssystemanbieters.<\/span><\/p>\n<p class=\"p2\"><span class=\"s1\">Der Kunde stimmt zu, dass er Rechnungen elektronisch erh\u00e4lt. Elektronische Rechnungen werden dem Kunden in einer pdf-Datei im Anhang per E-Mail zugesandt.<\/span><\/p>\n<p class=\"p4\"><span class=\"s1\"><b>6. Widerrufsrecht<\/b><\/span><\/p>\n<p class=\"p2\"><span class=\"s1\">Bei den von der Firma LSK GmbH angebotenen Waren handelt es sich um Hygieneartikel und somit ist ein Widerrufsrecht ausgeschlossen.<\/span><\/p>\n<p class=\"p1\"><span class=\"s1\"><b>7. Eigentumsvorbehalt<\/b><\/span><\/p>\n<p class=\"p2\"><span class=\"s1\">Die gelieferte Ware bleibt bis zur vollst\u00e4ndigen Bezahlung des Kaufpreises im Eigentum von der LSK GmbH.<\/span><\/p>\n<p class=\"p1\"><span class=\"s1\"><b>8. Gew\u00e4hrleistung<\/b><\/span><\/p>\n<p class=\"p2\"><span class=\"s1\">Die Firma LSK GmbH verwendet Strumpfware von h\u00f6chster Qualit\u00e4t, welche f\u00fcr Zuverl\u00e4ssigkeit und Tragekomfort bekannt sind. Jeder Artikel wird durch mehrere Qualit\u00e4tskontrollen eingehend gepr\u00fcft, bevor er unser Haus verl\u00e4sst. Wir stehen daf\u00fcr ein, dass die an Sie gelieferten Waren frei von M\u00e4ngel sind. <\/span><\/p>\n<p class=\"p2\"><span class=\"s1\">Bei den von der Firma LSK GmbH angebotenen Waren handelt es sich Waren, welche h\u00e4ndisch bedruckt werden und somit kann es zu Abweichungen sowohl hinsichtlich Farbe, als auch der Muster<span class=\"Apple-converted-space\">\u00a0 <\/span>gegen\u00fcber den Fotos im Onlineshop oder anderen Produktfotos kommen.<\/span><\/p>\n<p class=\"p1\"><span class=\"s1\"><b>9. Urheberrechte<\/b><\/span><\/p>\n<p class=\"p2\"><span class=\"s1\">Bitte beachten Sie, dass die Inhalte auf KSpositiv.com, insbesondere Bildmaterialien, Logos, Herstellerangaben und Texte, in der Regel urheberrechtlich und\/oder markenrechtlich gesch\u00fctzt sind. Eine Nutzung dieser Inhalte, die \u00fcber die bestimmungsgem\u00e4\u00dfe Nutzung von KSpositiv.com hinausgeht, kann die Rechte von KSpositv (LSK GmbH) oder Dritten verletzen und rechtliche Konsequenzen, etwa Unterlassungs- und Schadensersatzanspr\u00fcche, nach sich ziehen.<\/span><\/p>\n<p class=\"p1\"><span class=\"s1\"><b>10. Anwendbares Recht und Gerichtsstand<\/b><\/span><\/p>\n<p class=\"p2\"><span class=\"s1\">Auf Vertr\u00e4ge zwischen dem Verk\u00e4ufer und dem Kunden sowie diese AGB findet das Recht der Republik \u00d6sterreich unter Ausschluss des<span class=\"Apple-converted-space\">\u00a0 <\/span>UN_Kaufrechts Anwendung.<\/span><\/p>\n<p class=\"p2\"><span class=\"s1\">F\u00fcr den Gerichtsstand gelten die gesetzlichen Vorschriften.<\/span><\/p>\n","protected":false},"excerpt":{"rendered":"<p>Allgemeine Gesch\u00e4ftsbedingungen 1. Geltungsbereich 1.1. Diese Allgemeinen Gesch\u00e4ftsbedingungen (\u201eAGB\u201c) regeln das Vertragsverh\u00e4ltnis zwischen der LSK GmbH (&#8220;wir&#8221;, &#8220;uns&#8221;, &#8220;LSK&#8221;) und Ihnen als Nutzer des Online-Shops von KSpositiv\u00a0 unter der Domain www.kspositiv.com sowie den zu dieser Domain geh\u00f6renden Subdomains. Sie k\u00f6nnen die zurzeit g\u00fcltigen AGB jederzeit \u00fcber den entsprechenden Link auf KSpositiv.com abrufen. Diese AGB gelten [&hellip;]<\/p>\n","protected":false},"author":15,"featured_media":0,"parent":0,"menu_order":0,"comment_status":"closed","ping_status":"closed","template":"default-template.php","meta":{"footnotes":""},"jetpack_sharing_enabled":true,"_links":{"self":[{"href":"https:\/\/www.kspositiv.com\/en\/wp-json\/wp\/v2\/pages\/1122"}],"collection":[{"href":"https:\/\/www.kspositiv.com\/en\/wp-json\/wp\/v2\/pages"}],"about":[{"href":"https:\/\/www.kspositiv.com\/en\/wp-json\/wp\/v2\/types\/page"}],"author":[{"embeddable":true,"href":"https:\/\/www.kspositiv.com\/en\/wp-json\/wp\/v2\/users\/15"}],"replies":[{"embeddable":true,"href":"https:\/\/www.kspositiv.com\/en\/wp-json\/wp\/v2\/comments?post=1122"}],"version-history":[{"count":2,"href":"https:\/\/www.kspositiv.com\/en\/wp-json\/wp\/v2\/pages\/1122\/revisions"}],"predecessor-version":[{"id":1528,"href":"https:\/\/www.kspositiv.com\/en\/wp-json\/wp\/v2\/pages\/1122\/revisions\/1528"}],"wp:attachment":[{"href":"https:\/\/www.kspositiv.com\/en\/wp-json\/wp\/v2\/media?parent=1122"}],"curies":[{"name":"wp","href":"https:\/\/api.w.org\/{rel}","templated":true}]}}